{"id":7805,"date":"2019-05-10T06:27:04","date_gmt":"2019-05-10T06:27:04","guid":{"rendered":"http:\/\/ninzio.com\/bauer\/?page_id=7805"},"modified":"2020-10-31T14:03:00","modified_gmt":"2020-10-31T11:03:00","slug":"home-architecture","status":"publish","type":"page","link":"https:\/\/www.akbronz.com\/","title":{"rendered":"Ana Sayfa"},"content":{"rendered":"<p>[vc_row arrow=&#8221;yes&#8221; scroll_id=&#8221;first-row&#8221; el_class=&#8221;has-scroll-arrow&#8221;][vc_column][rev_slider_vc alias=&#8221;slider-2&#8243;][\/vc_column][\/vc_row][vc_row el_id=&#8221;first-row&#8221; css=&#8221;.vc_custom_1558594991053{background-image: url(http:\/\/ninzio.com\/bauer\/wp-content\/uploads\/2019\/05\/section-bg1.png?id=7906) !important;background-position: center !important;background-repeat: no-repeat !important;background-size: cover !important;}&#8221;][vc_column]\r\n\t<div class=\"bauer-spacer clearfix\" data-desktop=\"100\" data-mobi=\"60\" data-smobi=\"60\"><\/div>[vc_row_inner column_inner_spacing=&#8221;65&#8243;][vc_column_inner width=&#8221;1\/2&#8243;]<div class=\"bauer-images-carousel  arrow-bottom has-borders has-arrows\" data-auto=\"false\" data-loop=\"false\" data-gap=\"0\" data-column=\"1\" data-column2=\"1\" data-column3=\"1\">\r\n        <div class=\"owl-carousel owl-theme\"><div class=\"item-wrap\"><img src=\"https:\/\/www.akbronz.com\/wp-content\/uploads\/2020\/10\/kapi1.png\" alt=\"Image\"><\/div><\/div><\/div>[\/vc_column_inner][vc_column_inner width=&#8221;1\/2&#8243;]\r\n\t<div class=\"bauer-spacer clearfix\" data-desktop=\"45\" data-mobi=\"45\" data-smobi=\"45\"><\/div><div class=\"bauer-single-heading clearfix \" style=\"margin-bottom:25px;\"><span class=\"inner\"><span class=\"heading clearfix \" style=\"font-weight:600;color:#ab8062;font-size:16px;\">\r\n\t\tMimarlar En \u0130yi \u00c7\u00f6z\u00fcm\u00fc Akbronz'da Buldu !\r\n\t<\/span><\/span><\/div><h2 class=\"bauer-text clearfix \" style=\"font-size:42px;line-height:50px;margin-bottom:32px;\"><p><span class=\"font-weight-300\"><\/span> 40.000 <span class=\"font-weight-300\"> \u00dczerindeki \u00dcr\u00fcn \u00c7e\u015fitlerimizle Yan\u0131n\u0131zday\u0131z. <\/span> <\/p>\n<\/h2><div class=\"bauer-text clearfix \" style=\"font-size:18px;line-height:30px;color:#414042;margin-bottom:40px;\"><p>AKBRONZ bir\u00e7ok \u00f6nde gelen \u00fcreticinin 40.000\u2019in \u00fczerinde kap\u0131 donan\u0131m \u00fcr\u00fcn \u00e7e\u015fitlerini tek elden sunmaktad\u0131r. Mimarlara ve M\u00fcteahhitlere tek elden geni\u015f \u00e7\u00f6z\u00fcm sunmaktay\u0131z.<\/p>\n<\/div><div class=\"bauer-grid-box clearfix grid2 border-light v-30 h-15 no-borders\" data-grid=\"2\" >\r\n\t\t<div class=\"bauer-icon-box clearfix icon-left align-left  simple\" style=\"background-color:#ffffff;padding:22px 25px 22px 25px;border-radius:5px;border:1px solid #e7e7e7;\" ><div class=\"wrap-inner\" style=\"position: relative;\"><div class=\"bauer-icon icon-1551858671 custom accent-bg\"  data-icon=\"#ffffff\">\r\n\t\t\t\t<span class=\"icon\" style=\"font-size:18px;width:42px;height:42px;border-style:solid;border-radius:21px;line-height:44px; box-shadow: 0px 0px 0px 4px rgba(243,92,39,0.2)\"><i class=\"elegant-icon_check_alt2\"><\/i><\/span>\r\n\t\t\t<\/div> <h3 class=\"heading \" style=\"padding-left:59px;font-size:15px;line-height:20px;\">\r\n\t\t\t<span>Kap\u0131<br \/>\nAksesuarlar\u0131<\/span>\r\n\t\t<\/h3> <\/div><\/div><div class=\"bauer-icon-box clearfix icon-left align-left  simple\" style=\"background-color:#ffffff;padding:22px 25px 22px 25px;border-radius:5px;border:1px solid #e7e7e7;\" ><div class=\"wrap-inner\" style=\"position: relative;\"><div class=\"bauer-icon icon-515690149 custom accent-bg\"  data-icon=\"#ffffff\">\r\n\t\t\t\t<span class=\"icon\" style=\"font-size:18px;width:42px;height:42px;border-style:solid;border-radius:21px;line-height:44px; box-shadow: 0px 0px 0px 4px rgba(243,92,39,0.2)\"><i class=\"elegant-icon_check_alt2\"><\/i><\/span>\r\n\t\t\t<\/div> <h3 class=\"heading \" style=\"padding-left:59px;font-size:15px;line-height:20px;\">\r\n\t\t\t<span>Kap\u0131<br \/>\nKilitleri<\/span>\r\n\t\t<\/h3> <\/div><\/div><div class=\"bauer-icon-box clearfix icon-left align-left  simple\" style=\"background-color:#ffffff;padding:22px 25px 22px 25px;border-radius:5px;border:1px solid #e7e7e7;\" ><div class=\"wrap-inner\" style=\"position: relative;\"><div class=\"bauer-icon icon-404404919 custom accent-bg\"  data-icon=\"#ffffff\">\r\n\t\t\t\t<span class=\"icon\" style=\"font-size:18px;width:42px;height:42px;border-style:solid;border-radius:21px;line-height:44px; box-shadow: 0px 0px 0px 4px rgba(243,92,39,0.2)\"><i class=\"elegant-icon_check_alt2\"><\/i><\/span>\r\n\t\t\t<\/div> <h3 class=\"heading \" style=\"padding-left:59px;font-size:15px;line-height:20px;\">\r\n\t\t\t<span>Kap\u0131<br \/>\nKollar\u0131<\/span>\r\n\t\t<\/h3> <\/div><\/div><div class=\"bauer-icon-box clearfix icon-left align-left  simple\" style=\"background-color:#ffffff;padding:22px 25px 22px 25px;border-radius:5px;border:1px solid #e7e7e7;\" ><div class=\"wrap-inner\" style=\"position: relative;\"><div class=\"bauer-icon icon-1307366329 custom accent-bg\"  data-icon=\"#ffffff\">\r\n\t\t\t\t<span class=\"icon\" style=\"font-size:18px;width:42px;height:42px;border-style:solid;border-radius:21px;line-height:44px; box-shadow: 0px 0px 0px 4px rgba(243,92,39,0.2)\"><i class=\"elegant-icon_check_alt2\"><\/i><\/span>\r\n\t\t\t<\/div> <h3 class=\"heading \" style=\"padding-left:59px;font-size:15px;line-height:20px;\">\r\n\t\t\t<span>Kap\u0131<br \/>\nD\u00fcrb\u00fcnleri<\/span>\r\n\t\t<\/h3> <\/div><\/div>\n\r\n\t<\/div>\r\n\t<div class=\"bauer-spacer clearfix\" data-desktop=\"50\" data-mobi=\"10\" data-smobi=\"10\"><\/div><div class=\"button-wrap icon-right\" style=\"\" ><a href=\"#\" target=\"_self\" class=\"bauer-button btn-442377984 medium no_icon custom outline solid custom\" style=\"border-radius:30px;border-width:2px;\"  data-background=\"\" data-border=\"#030f27\" data-text=\"#030f27\" data-text-hover=\"#ffffff\" data-background-hover=\"#030f27\" data-border-hover=\"#030f27\">\r\n\t\t<span style=\"\">\u00dcr\u00fcnlerimiz <\/span>\r\n\t<\/a><\/div>[\/vc_column_inner][\/vc_row_inner]\r\n\t<div class=\"bauer-spacer clearfix\" data-desktop=\"100\" data-mobi=\"60\" data-smobi=\"60\"><\/div>[\/vc_column][\/vc_row][vc_row css=&#8221;.vc_custom_1557535470811{background-image: url(http:\/\/ninzio.com\/bauer\/wp-content\/uploads\/2019\/05\/section-bg2.jpg?id=7835) !important;background-position: center !important;background-repeat: no-repeat !important;background-size: cover !important;}&#8221;][vc_column]\r\n\t<div class=\"bauer-spacer clearfix\" data-desktop=\"100\" data-mobi=\"60\" data-smobi=\"60\"><\/div>[vc_row_inner][vc_column_inner width=&#8221;1\/2&#8243;]<div class=\"bauer-content-box clearfix \" data-padding=\"60px 50px 50px 50px\" data-mobipadding=\"30px 30px 30px 30px\" data-margin=\"\" data-mobimargin=\"\" >\r\n\t\t<div class=\"inner ctb-989306632\" style=\"\"  data-background=\"rgba(3,15,39,0.6)\" data-rounded=\"5px\" data-border-color=\"rgba(231,231,231,0.3)\" data-border-width=\"1px\">\r\n\t\t\t<div class=\"bauer-text clearfix \" style=\"color:#f2f2f2;margin-bottom:37px;\"><p><span>StarTec, olivari, pirin\u00e7 klasik kap\u0131 kollar\u0131, hoppe, proje tipi kap\u0131 kollar\u0131, \u00e7ekme kollar, kilitlenebilir \u00e7ekme kollar ve pencere kollar\u0131 gibi markalar\u0131n\u0131n olu\u015fturdu\u011fu 20 binin \u00fczerindeki kap\u0131 ve pencere kolu koleksiyonu ile mimar, planlamac\u0131 ve m\u00fcteahhitlerin se\u00e7im olanaklar\u0131n\u0131 artt\u0131rmaktay\u0131z.<\/span><\/p>\n<\/div>\r\n\t<div class=\"bauer-progress clearfix \" style=\"margin-bottom:22px;\"><h3 class=\"title\" style=\"font-weight:500;color:#ffffff;font-size:15px;\">Kap\u0131 Kollar\u0131<\/h3> <div class=\"perc-wrap\" style=\"font-weight:500;color:#ffffff;font-size:15px;\"><div class=\"perc  accent\" style=\"\"><span>100%<\/span><\/div><\/div>\r\n\t\t<div class=\"progress-wrap\" style=\"background-color:#cccccc;margin-top:10px;\">\r\n\t\t\t<div class=\"progress-animate  accent\" data-valuemax=\"100\" data-valuemin=\"0\" data-valuenow=\"100\" style=\"height:5px;\">\r\n\t\t\t<\/div>\r\n\t\t<\/div>\r\n\t<\/div>\r\n\t<div class=\"bauer-progress clearfix \" style=\"margin-bottom:22px;\"><h3 class=\"title\" style=\"font-weight:500;color:#ffffff;font-size:15px;\">Kap\u0131 Kilitleri<\/h3> <div class=\"perc-wrap\" style=\"font-weight:500;color:#ffffff;font-size:15px;\"><div class=\"perc  accent\" style=\"\"><span>100%<\/span><\/div><\/div>\r\n\t\t<div class=\"progress-wrap\" style=\"background-color:#cccccc;margin-top:10px;\">\r\n\t\t\t<div class=\"progress-animate  accent\" data-valuemax=\"100\" data-valuemin=\"0\" data-valuenow=\"100\" style=\"height:5px;\">\r\n\t\t\t<\/div>\r\n\t\t<\/div>\r\n\t<\/div>\r\n\t<div class=\"bauer-progress clearfix \" style=\"margin-bottom:22px;\"><h3 class=\"title\" style=\"font-weight:500;color:#ffffff;font-size:15px;\">Kap\u0131 Aksesuarlar\u0131<\/h3> <div class=\"perc-wrap\" style=\"font-weight:500;color:#ffffff;font-size:15px;\"><div class=\"perc  accent\" style=\"\"><span>100%<\/span><\/div><\/div>\r\n\t\t<div class=\"progress-wrap\" style=\"background-color:#cccccc;margin-top:10px;\">\r\n\t\t\t<div class=\"progress-animate  accent\" data-valuemax=\"100\" data-valuemin=\"0\" data-valuenow=\"100\" style=\"height:5px;\">\r\n\t\t\t<\/div>\r\n\t\t<\/div>\r\n\t<\/div>\r\n\t<div class=\"bauer-progress clearfix \" style=\"margin-bottom:22px;\"><h3 class=\"title\" style=\"font-weight:500;color:#ffffff;font-size:15px;\">Kap\u0131 D\u00fcrb\u00fcnleri<\/h3> <div class=\"perc-wrap\" style=\"font-weight:500;color:#ffffff;font-size:15px;\"><div class=\"perc  accent\" style=\"\"><span>100%<\/span><\/div><\/div>\r\n\t\t<div class=\"progress-wrap\" style=\"background-color:#cccccc;margin-top:10px;\">\r\n\t\t\t<div class=\"progress-animate  accent\" data-valuemax=\"100\" data-valuemin=\"0\" data-valuenow=\"100\" style=\"height:5px;\">\r\n\t\t\t<\/div>\r\n\t\t<\/div>\r\n\t<\/div>\r\n\t\t<\/div>\r\n\t<\/div>\r\n\t<div class=\"bauer-spacer clearfix\" data-desktop=\"0\" data-mobi=\"45\" data-smobi=\"45\"><\/div>[\/vc_column_inner][vc_column_inner width=&#8221;1\/2&#8243;]<div class=\"bauer-content-box clearfix \" data-padding=\"22px 0px 0px 35px\" data-mobipadding=\"0px 0px 0px 0px\" data-margin=\"\" data-mobimargin=\"\" >\r\n\t\t<div class=\"inner ctb-1943140149\" style=\"\"  data-background=\"\">\r\n\t\t\t<h2 class=\"bauer-text clearfix \" style=\"font-size:42px;line-height:50px;color:#ffffff;margin-bottom:37px;\"><p>Neden <span class=\"font-weight-300\">Akbronz <\/span><\/p>\n<\/h2><div class=\"bauer-icon-box clearfix icon-left2 align-left  simple\" style=\"\" ><div class=\"wrap-inner\" style=\"position: relative;\"><div class=\"bauer-icon icon-313117930 accent custom\"  data-background=\"\">\r\n\t\t\t\t<span class=\"icon\" style=\"font-size:20px;width:28px;height:28px;border-style:solid;line-height:32px;\"><i class=\"elegant-icon_check_alt\"><\/i><\/span>\r\n\t\t\t<\/div> <h3 class=\"heading \" style=\"margin-left:34px;font-weight:400;color:#f2f2f2;font-size:18px;line-height:28px;margin-bottom:10px;\">\r\n\t\t\t<span>E\u015fsiz \u00dcr\u00fcn \u00c7e\u015fitlili\u011fi<\/span>\r\n\t\t<\/h3><div class=\"desc\" style=\"font-size:14px;line-height:24px;\"><p>AKBRONZ bir\u00e7ok \u00f6nde gelen \u00fcreticinin, 40.000 \u00fczerinde kap\u0131 donan\u0131m \u00fcr\u00fcn \u00e7esitlerini tek elden sunmaktad\u0131r.<\/p>\n<\/div> <\/div><\/div>\r\n\t<div class=\"bauer-spacer clearfix\" data-desktop=\"34\" data-mobi=\"30\" data-smobi=\"30\"><\/div><div class=\"bauer-icon-box clearfix icon-left2 align-left  simple\" style=\"\" ><div class=\"wrap-inner\" style=\"position: relative;\"><div class=\"bauer-icon icon-2094816337 accent custom\"  data-background=\"\">\r\n\t\t\t\t<span class=\"icon\" style=\"font-size:20px;width:28px;height:28px;border-style:solid;line-height:32px;\"><i class=\"elegant-icon_check_alt\"><\/i><\/span>\r\n\t\t\t<\/div> <h3 class=\"heading \" style=\"margin-left:34px;font-weight:400;color:#f2f2f2;font-size:18px;line-height:28px;margin-bottom:10px;\">\r\n\t\t\t<span>Kaliteli \u00dcr\u00fcnler<\/span>\r\n\t\t<\/h3><div class=\"desc\" style=\"font-size:14px;line-height:24px;\"><p>Kaliteli ve garantili \u00fcr\u00fcnler ile sizlere her zaman destek vererek. \u00dcr\u00fcn sat\u0131\u015f sonras\u0131nda da yan\u0131n\u0131zday\u0131z.<\/p>\n<\/div> <\/div><\/div>\r\n\t<div class=\"bauer-spacer clearfix\" data-desktop=\"34\" data-mobi=\"30\" data-smobi=\"30\"><\/div><div class=\"bauer-icon-box clearfix icon-left2 align-left  simple\" style=\"\" ><div class=\"wrap-inner\" style=\"position: relative;\"><div class=\"bauer-icon icon-798667065 accent custom\"  data-background=\"\">\r\n\t\t\t\t<span class=\"icon\" style=\"font-size:20px;width:28px;height:28px;border-style:solid;line-height:32px;\"><i class=\"elegant-icon_check_alt\"><\/i><\/span>\r\n\t\t\t<\/div> <h3 class=\"heading \" style=\"margin-left:34px;font-weight:400;color:#f2f2f2;font-size:18px;line-height:28px;margin-bottom:10px;\">\r\n\t\t\t<span>\u00d6zel Tasar\u0131m Se\u00e7enekleri<\/span>\r\n\t\t<\/h3><div class=\"desc\" style=\"font-size:14px;line-height:24px;\"><p>E\u015fsiz tasar\u0131mlar\u0131n\u0131z\u0131 iste\u011finize g\u00f6re geli\u015ftirerek, size \u00f6zel tasar\u0131mlarla yan\u0131n\u0131zday\u0131z.<\/p>\n<\/div> <\/div><\/div>\r\n\t\t<\/div>\r\n\t<\/div>[\/vc_column_inner][\/vc_row_inner]\r\n\t<div class=\"bauer-spacer clearfix\" data-desktop=\"100\" data-mobi=\"60\" data-smobi=\"60\"><\/div>[\/vc_column][\/vc_row]<\/p>\n","protected":false},"excerpt":{"rendered":"<p>[vc_row arrow=&#8221;yes&#8221; scroll_id=&#8221;first-row&#8221; el_class=&#8221;has-scroll-arrow&#8221;][vc_column][rev_slider_vc alias=&#8221;slider-2&#8243;][\/vc_column][\/vc_row][vc_row el_id=&#8221;first-row&#8221; css=&#8221;.vc_custom_1558594991053{background-image: url(http:\/\/ninzio.com\/bauer\/wp-content\/uploads\/2019\/05\/section-bg1.png?id=7906) !important;background-position: center !important;background-repeat: no-repeat !important;background-size: cover !important;}&#8221;][vc_column][vc_row_inner column_inner_spacing=&#8221;65&#8243;][vc_column_inner width=&#8221;1\/2&#8243;][\/vc_column_inner][vc_column_inner width=&#8221;1\/2&#8243;][\/vc_column_inner][\/vc_row_inner][\/vc_column][\/vc_row][vc_row css=&#8221;.vc_custom_1557535470811{background-image: url(http:\/\/ninzio.com\/bauer\/wp-content\/uploads\/2019\/05\/section-bg2.jpg?id=7835) !important;background-position: center !important;background-repeat: no-repeat !important;background-size: cover !important;}&#8221;][vc_column][vc_row_inner][vc_column_inner width=&#8221;1\/2&#8243;][\/vc_column_inner][vc_column_inner width=&#8221;1\/2&#8243;][\/vc_column_inner][\/vc_row_inner][\/vc_column][\/vc_row]<\/p>\n","protected":false},"author":1,"featured_media":0,"parent":0,"menu_order":0,"comment_status":"closed","ping_status":"closed","template":"","meta":[],"_links":{"self":[{"href":"https:\/\/www.akbronz.com\/index.php\/wp-json\/wp\/v2\/pages\/7805"}],"collection":[{"href":"https:\/\/www.akbronz.com\/index.php\/wp-json\/wp\/v2\/pages"}],"about":[{"href":"https:\/\/www.akbronz.com\/index.php\/wp-json\/wp\/v2\/types\/page"}],"author":[{"embeddable":true,"href":"https:\/\/www.akbronz.com\/index.php\/wp-json\/wp\/v2\/users\/1"}],"replies":[{"embeddable":true,"href":"https:\/\/www.akbronz.com\/index.php\/wp-json\/wp\/v2\/comments?post=7805"}],"version-history":[{"count":12,"href":"https:\/\/www.akbronz.com\/index.php\/wp-json\/wp\/v2\/pages\/7805\/revisions"}],"predecessor-version":[{"id":9523,"href":"https:\/\/www.akbronz.com\/index.php\/wp-json\/wp\/v2\/pages\/7805\/revisions\/9523"}],"wp:attachment":[{"href":"https:\/\/www.akbronz.com\/index.php\/wp-json\/wp\/v2\/media?parent=7805"}],"curies":[{"name":"wp","href":"https:\/\/api.w.org\/{rel}","templated":true}]}}