{"id":9421,"date":"2020-10-31T13:10:54","date_gmt":"2020-10-31T10:10:54","guid":{"rendered":"http:\/\/www.akbronz.com\/?page_id=9421"},"modified":"2020-10-31T13:13:46","modified_gmt":"2020-10-31T10:13:46","slug":"about-us-2-2","status":"publish","type":"page","link":"https:\/\/www.akbronz.com\/index.php\/about-us-2-2\/","title":{"rendered":"Kap\u0131 D\u00fcrb\u00fcnleri"},"content":{"rendered":"<p>[vc_row css=&#8221;.vc_custom_1558754119849{background-image: url(http:\/\/www.akbronz.com\/wp-content\/uploads\/2019\/05\/main-bg-1.png?id=8860) !important;background-position: center !important;background-repeat: no-repeat !important;background-size: cover !important;}&#8221; el_id=&#8221;first-row&#8221;][vc_column]\r\n\t<div class=\"bauer-spacer clearfix\" data-desktop=\"94\" data-mobi=\"60\" data-smobi=\"60\"><\/div>[vc_masonry_media_grid element_width=&#8221;3&#8243; grid_id=&#8221;vc_gid:1604139222503-abec1d66-bb0d-10&#8243; include=&#8221;9422,9423,9424,9425,9426,9427,9428&#8243;]\r\n\t<div class=\"bauer-spacer clearfix\" data-desktop=\"100\" data-mobi=\"60\" data-smobi=\"60\"><\/div>[\/vc_column][\/vc_row]<\/p>\n","protected":false},"excerpt":{"rendered":"<p>[vc_row css=&#8221;.vc_custom_1558754119849{background-image: url(http:\/\/www.akbronz.com\/wp-content\/uploads\/2019\/05\/main-bg-1.png?id=8860) !important;background-position: center !important;background-repeat: no-repeat !important;background-size: cover !important;}&#8221; el_id=&#8221;first-row&#8221;][vc_column][vc_masonry_media_grid element_width=&#8221;3&#8243; grid_id=&#8221;vc_gid:1604139222503-abec1d66-bb0d-10&#8243; include=&#8221;9422,9423,9424,9425,9426,9427,9428&#8243;][\/vc_column][\/vc_row]<\/p>\n","protected":false},"author":1,"featured_media":0,"parent":0,"menu_order":0,"comment_status":"closed","ping_status":"closed","template":"","meta":[],"_links":{"self":[{"href":"https:\/\/www.akbronz.com\/index.php\/wp-json\/wp\/v2\/pages\/9421"}],"collection":[{"href":"https:\/\/www.akbronz.com\/index.php\/wp-json\/wp\/v2\/pages"}],"about":[{"href":"https:\/\/www.akbronz.com\/index.php\/wp-json\/wp\/v2\/types\/page"}],"author":[{"embeddable":true,"href":"https:\/\/www.akbronz.com\/index.php\/wp-json\/wp\/v2\/users\/1"}],"replies":[{"embeddable":true,"href":"https:\/\/www.akbronz.com\/index.php\/wp-json\/wp\/v2\/comments?post=9421"}],"version-history":[{"count":2,"href":"https:\/\/www.akbronz.com\/index.php\/wp-json\/wp\/v2\/pages\/9421\/revisions"}],"predecessor-version":[{"id":9443,"href":"https:\/\/www.akbronz.com\/index.php\/wp-json\/wp\/v2\/pages\/9421\/revisions\/9443"}],"wp:attachment":[{"href":"https:\/\/www.akbronz.com\/index.php\/wp-json\/wp\/v2\/media?parent=9421"}],"curies":[{"name":"wp","href":"https:\/\/api.w.org\/{rel}","templated":true}]}}